{"id":25271,"date":"2026-01-22T17:24:57","date_gmt":"2026-01-22T22:24:57","guid":{"rendered":"https:\/\/cdastonvilla.com\/?page_id=25271"},"modified":"2026-02-10T18:08:30","modified_gmt":"2026-02-10T23:08:30","slug":"pagos-academia","status":"publish","type":"page","link":"https:\/\/cdastonvilla.com\/index.php\/pagos-academia\/","title":{"rendered":"Pagos Online"},"content":{"rendered":"\t\t<div data-elementor-type=\"wp-page\" data-elementor-id=\"25271\" class=\"elementor elementor-25271\">\n\t\t\t\t\t\t\t<div class=\"elementor-element elementor-element-d05e1b9 e-flex e-con-boxed e-con e-parent\" data-id=\"d05e1b9\" data-element_type=\"container\" data-settings=\"{&quot;content_width&quot;:&quot;boxed&quot;}\" data-core-v316-plus=\"true\">\n\t\t\t\t\t<div class=\"e-con-inner\">\n\t\t\t\t<div class=\"elementor-element elementor-element-978d313 elementor-widget elementor-widget-heading\" data-id=\"978d313\" data-element_type=\"widget\" data-widget_type=\"heading.default\">\n\t\t\t\t<div class=\"elementor-widget-container\">\n\t\t\t<style>\/*! elementor - v3.17.0 - 01-11-2023 *\/\n.elementor-heading-title{padding:0;margin:0;line-height:1}.elementor-widget-heading .elementor-heading-title[class*=elementor-size-]>a{color:inherit;font-size:inherit;line-height:inherit}.elementor-widget-heading .elementor-heading-title.elementor-size-small{font-size:15px}.elementor-widget-heading .elementor-heading-title.elementor-size-medium{font-size:19px}.elementor-widget-heading .elementor-heading-title.elementor-size-large{font-size:29px}.elementor-widget-heading .elementor-heading-title.elementor-size-xl{font-size:39px}.elementor-widget-heading .elementor-heading-title.elementor-size-xxl{font-size:59px}<\/style><h2 class=\"elementor-heading-title elementor-size-default\">Pagos Online<\/h2>\t\t<\/div>\n\t\t\t\t<\/div>\n\t\t<div class=\"elementor-element elementor-element-de3bde6 e-flex e-con-boxed e-con e-child\" data-id=\"de3bde6\" data-element_type=\"container\" data-settings=\"{&quot;content_width&quot;:&quot;boxed&quot;}\">\n\t\t\t\t\t<div class=\"e-con-inner\">\n\t\t\t\t<div class=\"elementor-element elementor-element-81edbe8 elementor-widget elementor-widget-image\" data-id=\"81edbe8\" data-element_type=\"widget\" data-widget_type=\"image.default\">\n\t\t\t\t<div class=\"elementor-widget-container\">\n\t\t\t<style>\/*! elementor - v3.17.0 - 01-11-2023 *\/\n.elementor-widget-image{text-align:center}.elementor-widget-image a{display:inline-block}.elementor-widget-image a img[src$=\".svg\"]{width:48px}.elementor-widget-image img{vertical-align:middle;display:inline-block}<\/style>\t\t\t\t\t\t\t\t\t\t\t\t<img decoding=\"async\" loading=\"lazy\" width=\"1024\" height=\"165\" src=\"https:\/\/cdastonvilla.com\/wp-content\/uploads\/2026\/02\/ChatGPT-Image-9-feb-2026-12_50_25-p.m-1-1024x165.png\" class=\"attachment-large size-large wp-image-25322\" alt=\"\" srcset=\"https:\/\/cdastonvilla.com\/wp-content\/uploads\/2026\/02\/ChatGPT-Image-9-feb-2026-12_50_25-p.m-1-1024x165.png 1024w, https:\/\/cdastonvilla.com\/wp-content\/uploads\/2026\/02\/ChatGPT-Image-9-feb-2026-12_50_25-p.m-1-300x48.png 300w, https:\/\/cdastonvilla.com\/wp-content\/uploads\/2026\/02\/ChatGPT-Image-9-feb-2026-12_50_25-p.m-1-768x124.png 768w, https:\/\/cdastonvilla.com\/wp-content\/uploads\/2026\/02\/ChatGPT-Image-9-feb-2026-12_50_25-p.m-1-18x3.png 18w, https:\/\/cdastonvilla.com\/wp-content\/uploads\/2026\/02\/ChatGPT-Image-9-feb-2026-12_50_25-p.m-1.png 1536w\" sizes=\"(max-width: 1024px) 100vw, 1024px\" \/>\t\t\t\t\t\t\t\t\t\t\t\t\t\t\t<\/div>\n\t\t\t\t<\/div>\n\t\t\t\t\t<\/div>\n\t\t\t\t<\/div>\n\t\t\t\t\t<\/div>\n\t\t\t\t<\/div>\n\t\t<div class=\"elementor-element elementor-element-6d3a0aa e-flex e-con-boxed e-con e-parent\" data-id=\"6d3a0aa\" data-element_type=\"container\" data-settings=\"{&quot;content_width&quot;:&quot;boxed&quot;}\" data-core-v316-plus=\"true\">\n\t\t\t\t\t<div class=\"e-con-inner\">\n\t\t<div class=\"elementor-element elementor-element-ed7ba1e e-con-full e-flex e-con e-child\" data-id=\"ed7ba1e\" data-element_type=\"container\" data-settings=\"{&quot;content_width&quot;:&quot;full&quot;}\">\n\t\t\t\t<div class=\"elementor-element elementor-element-39f5cf6 elementor-widget-divider--view-line elementor-widget elementor-widget-divider\" data-id=\"39f5cf6\" data-element_type=\"widget\" data-widget_type=\"divider.default\">\n\t\t\t\t<div class=\"elementor-widget-container\">\n\t\t\t<style>\/*! elementor - v3.17.0 - 01-11-2023 *\/\n.elementor-widget-divider{--divider-border-style:none;--divider-border-width:1px;--divider-color:#0c0d0e;--divider-icon-size:20px;--divider-element-spacing:10px;--divider-pattern-height:24px;--divider-pattern-size:20px;--divider-pattern-url:none;--divider-pattern-repeat:repeat-x}.elementor-widget-divider .elementor-divider{display:flex}.elementor-widget-divider .elementor-divider__text{font-size:15px;line-height:1;max-width:95%}.elementor-widget-divider .elementor-divider__element{margin:0 var(--divider-element-spacing);flex-shrink:0}.elementor-widget-divider .elementor-icon{font-size:var(--divider-icon-size)}.elementor-widget-divider .elementor-divider-separator{display:flex;margin:0;direction:ltr}.elementor-widget-divider--view-line_icon .elementor-divider-separator,.elementor-widget-divider--view-line_text .elementor-divider-separator{align-items:center}.elementor-widget-divider--view-line_icon .elementor-divider-separator:after,.elementor-widget-divider--view-line_icon .elementor-divider-separator:before,.elementor-widget-divider--view-line_text .elementor-divider-separator:after,.elementor-widget-divider--view-line_text .elementor-divider-separator:before{display:block;content:\"\";border-bottom:0;flex-grow:1;border-top:var(--divider-border-width) var(--divider-border-style) var(--divider-color)}.elementor-widget-divider--element-align-left .elementor-divider .elementor-divider-separator>.elementor-divider__svg:first-of-type{flex-grow:0;flex-shrink:100}.elementor-widget-divider--element-align-left .elementor-divider-separator:before{content:none}.elementor-widget-divider--element-align-left .elementor-divider__element{margin-left:0}.elementor-widget-divider--element-align-right .elementor-divider .elementor-divider-separator>.elementor-divider__svg:last-of-type{flex-grow:0;flex-shrink:100}.elementor-widget-divider--element-align-right .elementor-divider-separator:after{content:none}.elementor-widget-divider--element-align-right .elementor-divider__element{margin-right:0}.elementor-widget-divider:not(.elementor-widget-divider--view-line_text):not(.elementor-widget-divider--view-line_icon) .elementor-divider-separator{border-top:var(--divider-border-width) var(--divider-border-style) var(--divider-color)}.elementor-widget-divider--separator-type-pattern{--divider-border-style:none}.elementor-widget-divider--separator-type-pattern.elementor-widget-divider--view-line .elementor-divider-separator,.elementor-widget-divider--separator-type-pattern:not(.elementor-widget-divider--view-line) .elementor-divider-separator:after,.elementor-widget-divider--separator-type-pattern:not(.elementor-widget-divider--view-line) .elementor-divider-separator:before,.elementor-widget-divider--separator-type-pattern:not([class*=elementor-widget-divider--view]) .elementor-divider-separator{width:100%;min-height:var(--divider-pattern-height);-webkit-mask-size:var(--divider-pattern-size) 100%;mask-size:var(--divider-pattern-size) 100%;-webkit-mask-repeat:var(--divider-pattern-repeat);mask-repeat:var(--divider-pattern-repeat);background-color:var(--divider-color);-webkit-mask-image:var(--divider-pattern-url);mask-image:var(--divider-pattern-url)}.elementor-widget-divider--no-spacing{--divider-pattern-size:auto}.elementor-widget-divider--bg-round{--divider-pattern-repeat:round}.rtl .elementor-widget-divider .elementor-divider__text{direction:rtl}.e-con-inner>.elementor-widget-divider,.e-con>.elementor-widget-divider{width:var(--container-widget-width,100%);--flex-grow:var(--container-widget-flex-grow)}<\/style>\t\t<div class=\"elementor-divider\">\n\t\t\t<span class=\"elementor-divider-separator\">\n\t\t\t\t\t\t<\/span>\n\t\t<\/div>\n\t\t\t\t<\/div>\n\t\t\t\t<\/div>\n\t\t\t\t<div class=\"elementor-element elementor-element-29a5e8a elementor-widget elementor-widget-heading\" data-id=\"29a5e8a\" data-element_type=\"widget\" data-widget_type=\"heading.default\">\n\t\t\t\t<div class=\"elementor-widget-container\">\n\t\t\t<h2 class=\"elementor-heading-title elementor-size-default\">Uniforme de competencia <\/h2>\t\t<\/div>\n\t\t\t\t<\/div>\n\t\t\t\t<div class=\"elementor-element elementor-element-6baa5d2 elementor-widget elementor-widget-image\" data-id=\"6baa5d2\" data-element_type=\"widget\" data-widget_type=\"image.default\">\n\t\t\t\t<div class=\"elementor-widget-container\">\n\t\t\t\t\t\t\t\t\t\t\t\t\t\t\t<img decoding=\"async\" loading=\"lazy\" width=\"1116\" height=\"1144\" src=\"https:\/\/cdastonvilla.com\/wp-content\/uploads\/2025\/05\/WhatsApp-Image-2025-04-22-at-08.12.53-e1769288646694.jpeg\" class=\"attachment-1536x1536 size-1536x1536 wp-image-24963\" alt=\"\" srcset=\"https:\/\/cdastonvilla.com\/wp-content\/uploads\/2025\/05\/WhatsApp-Image-2025-04-22-at-08.12.53-e1769288646694.jpeg 1116w, https:\/\/cdastonvilla.com\/wp-content\/uploads\/2025\/05\/WhatsApp-Image-2025-04-22-at-08.12.53-e1769288646694-293x300.jpeg 293w, https:\/\/cdastonvilla.com\/wp-content\/uploads\/2025\/05\/WhatsApp-Image-2025-04-22-at-08.12.53-e1769288646694-999x1024.jpeg 999w, https:\/\/cdastonvilla.com\/wp-content\/uploads\/2025\/05\/WhatsApp-Image-2025-04-22-at-08.12.53-e1769288646694-768x787.jpeg 768w, https:\/\/cdastonvilla.com\/wp-content\/uploads\/2025\/05\/WhatsApp-Image-2025-04-22-at-08.12.53-e1769288646694-12x12.jpeg 12w\" sizes=\"(max-width: 1116px) 100vw, 1116px\" \/>\t\t\t\t\t\t\t\t\t\t\t\t\t\t\t<\/div>\n\t\t\t\t<\/div>\n\t\t\t\t<div class=\"elementor-element elementor-element-dad73b5 elementor-align-center elementor-widget elementor-widget-button\" data-id=\"dad73b5\" data-element_type=\"widget\" data-widget_type=\"button.default\">\n\t\t\t\t<div class=\"elementor-widget-container\">\n\t\t\t\t\t<div class=\"elementor-button-wrapper\">\n\t\t\t<a class=\"elementor-button elementor-button-link elementor-size-sm\" href=\"https:\/\/checkout.treli.co\/pl\/pl_fQ8x9313ligXIAXgURAQpAya\">\n\t\t\t\t\t\t<span class=\"elementor-button-content-wrapper\">\n\t\t\t\t\t\t<span class=\"elementor-button-text\">Pague aqu\u00ed <\/span>\n\t\t<\/span>\n\t\t\t\t\t<\/a>\n\t\t<\/div>\n\t\t\t\t<\/div>\n\t\t\t\t<\/div>\n\t\t\t\t<\/div>\n\t\t<div class=\"elementor-element elementor-element-b02dcc6 e-con-full e-flex e-con e-child\" data-id=\"b02dcc6\" data-element_type=\"container\" data-settings=\"{&quot;content_width&quot;:&quot;full&quot;}\">\n\t\t\t\t<div class=\"elementor-element elementor-element-76d8587 elementor-widget-divider--view-line elementor-widget elementor-widget-divider\" data-id=\"76d8587\" data-element_type=\"widget\" data-widget_type=\"divider.default\">\n\t\t\t\t<div class=\"elementor-widget-container\">\n\t\t\t\t\t<div class=\"elementor-divider\">\n\t\t\t<span class=\"elementor-divider-separator\">\n\t\t\t\t\t\t<\/span>\n\t\t<\/div>\n\t\t\t\t<\/div>\n\t\t\t\t<\/div>\n\t\t\t\t<div class=\"elementor-element elementor-element-1457af7 elementor-widget elementor-widget-heading\" data-id=\"1457af7\" data-element_type=\"widget\" data-widget_type=\"heading.default\">\n\t\t\t\t<div class=\"elementor-widget-container\">\n\t\t\t<h2 class=\"elementor-heading-title elementor-size-default\">Uniforme de entrenamiento<\/h2>\t\t<\/div>\n\t\t\t\t<\/div>\n\t\t\t\t<div class=\"elementor-element elementor-element-9791800 elementor-widget__width-initial elementor-widget elementor-widget-image\" data-id=\"9791800\" data-element_type=\"widget\" data-widget_type=\"image.default\">\n\t\t\t\t<div class=\"elementor-widget-container\">\n\t\t\t\t\t\t\t\t\t\t\t\t\t\t\t<img decoding=\"async\" loading=\"lazy\" width=\"1000\" height=\"1024\" src=\"https:\/\/cdastonvilla.com\/wp-content\/uploads\/2025\/10\/ChatGPT-Image-28-oct-2025-10_05_14-e1769288770406.png\" class=\"attachment-2048x2048 size-2048x2048 wp-image-25203\" alt=\"\" srcset=\"https:\/\/cdastonvilla.com\/wp-content\/uploads\/2025\/10\/ChatGPT-Image-28-oct-2025-10_05_14-e1769288770406.png 1000w, https:\/\/cdastonvilla.com\/wp-content\/uploads\/2025\/10\/ChatGPT-Image-28-oct-2025-10_05_14-e1769288770406-293x300.png 293w, https:\/\/cdastonvilla.com\/wp-content\/uploads\/2025\/10\/ChatGPT-Image-28-oct-2025-10_05_14-e1769288770406-768x786.png 768w, https:\/\/cdastonvilla.com\/wp-content\/uploads\/2025\/10\/ChatGPT-Image-28-oct-2025-10_05_14-e1769288770406-12x12.png 12w\" sizes=\"(max-width: 1000px) 100vw, 1000px\" \/>\t\t\t\t\t\t\t\t\t\t\t\t\t\t\t<\/div>\n\t\t\t\t<\/div>\n\t\t\t\t<div class=\"elementor-element elementor-element-a4d992c elementor-align-center elementor-widget elementor-widget-button\" data-id=\"a4d992c\" data-element_type=\"widget\" data-widget_type=\"button.default\">\n\t\t\t\t<div class=\"elementor-widget-container\">\n\t\t\t\t\t<div class=\"elementor-button-wrapper\">\n\t\t\t<a class=\"elementor-button elementor-button-link elementor-size-sm\" href=\"https:\/\/checkout.treli.co\/pl\/pl_M1q6S5axfXThAyVAYm08PYKf\">\n\t\t\t\t\t\t<span class=\"elementor-button-content-wrapper\">\n\t\t\t\t\t\t<span class=\"elementor-button-text\">Pague aqu\u00ed <\/span>\n\t\t<\/span>\n\t\t\t\t\t<\/a>\n\t\t<\/div>\n\t\t\t\t<\/div>\n\t\t\t\t<\/div>\n\t\t\t\t<\/div>\n\t\t<div class=\"elementor-element elementor-element-9c897d8 e-con-full e-flex e-con e-child\" data-id=\"9c897d8\" data-element_type=\"container\" data-settings=\"{&quot;content_width&quot;:&quot;full&quot;}\">\n\t\t\t\t<div class=\"elementor-element elementor-element-fd2d1c4 elementor-widget-divider--view-line elementor-widget elementor-widget-divider\" data-id=\"fd2d1c4\" data-element_type=\"widget\" data-widget_type=\"divider.default\">\n\t\t\t\t<div class=\"elementor-widget-container\">\n\t\t\t\t\t<div class=\"elementor-divider\">\n\t\t\t<span class=\"elementor-divider-separator\">\n\t\t\t\t\t\t<\/span>\n\t\t<\/div>\n\t\t\t\t<\/div>\n\t\t\t\t<\/div>\n\t\t\t\t<div class=\"elementor-element elementor-element-684e899 elementor-widget elementor-widget-heading\" data-id=\"684e899\" data-element_type=\"widget\" data-widget_type=\"heading.default\">\n\t\t\t\t<div class=\"elementor-widget-container\">\n\t\t\t<h2 class=\"elementor-heading-title elementor-size-default\">Uniforme de presentaci\u00f3n<\/h2>\t\t<\/div>\n\t\t\t\t<\/div>\n\t\t\t\t<div class=\"elementor-element elementor-element-a2be9b8 elementor-widget elementor-widget-image\" data-id=\"a2be9b8\" data-element_type=\"widget\" data-widget_type=\"image.default\">\n\t\t\t\t<div class=\"elementor-widget-container\">\n\t\t\t\t\t\t\t\t\t\t\t\t\t\t\t<img decoding=\"async\" loading=\"lazy\" width=\"1024\" height=\"1024\" src=\"https:\/\/cdastonvilla.com\/wp-content\/uploads\/2026\/02\/ChatGPT-Image-9-feb-2026-01_00_30-p.m.png\" class=\"attachment-full size-full wp-image-25325\" alt=\"\" srcset=\"https:\/\/cdastonvilla.com\/wp-content\/uploads\/2026\/02\/ChatGPT-Image-9-feb-2026-01_00_30-p.m.png 1024w, https:\/\/cdastonvilla.com\/wp-content\/uploads\/2026\/02\/ChatGPT-Image-9-feb-2026-01_00_30-p.m-300x300.png 300w, https:\/\/cdastonvilla.com\/wp-content\/uploads\/2026\/02\/ChatGPT-Image-9-feb-2026-01_00_30-p.m-150x150.png 150w, https:\/\/cdastonvilla.com\/wp-content\/uploads\/2026\/02\/ChatGPT-Image-9-feb-2026-01_00_30-p.m-768x768.png 768w, https:\/\/cdastonvilla.com\/wp-content\/uploads\/2026\/02\/ChatGPT-Image-9-feb-2026-01_00_30-p.m-12x12.png 12w\" sizes=\"(max-width: 1024px) 100vw, 1024px\" \/>\t\t\t\t\t\t\t\t\t\t\t\t\t\t\t<\/div>\n\t\t\t\t<\/div>\n\t\t\t\t<div class=\"elementor-element elementor-element-2768c5a elementor-align-center elementor-widget elementor-widget-button\" data-id=\"2768c5a\" data-element_type=\"widget\" data-widget_type=\"button.default\">\n\t\t\t\t<div class=\"elementor-widget-container\">\n\t\t\t\t\t<div class=\"elementor-button-wrapper\">\n\t\t\t<a class=\"elementor-button elementor-button-link elementor-size-sm\" href=\"https:\/\/checkout.treli.co\/pl\/pl_b4yXSgYx7OVYBPxObNesmCHL\">\n\t\t\t\t\t\t<span class=\"elementor-button-content-wrapper\">\n\t\t\t\t\t\t<span class=\"elementor-button-text\">Pague aqu\u00ed <\/span>\n\t\t<\/span>\n\t\t\t\t\t<\/a>\n\t\t<\/div>\n\t\t\t\t<\/div>\n\t\t\t\t<\/div>\n\t\t\t\t<\/div>\n\t\t<div class=\"elementor-element elementor-element-2530f41 e-con-full e-flex e-con e-child\" data-id=\"2530f41\" data-element_type=\"container\" data-settings=\"{&quot;content_width&quot;:&quot;full&quot;}\">\n\t\t\t\t<div class=\"elementor-element elementor-element-3be2857 elementor-widget-divider--view-line elementor-widget elementor-widget-divider\" data-id=\"3be2857\" data-element_type=\"widget\" data-widget_type=\"divider.default\">\n\t\t\t\t<div class=\"elementor-widget-container\">\n\t\t\t\t\t<div class=\"elementor-divider\">\n\t\t\t<span class=\"elementor-divider-separator\">\n\t\t\t\t\t\t<\/span>\n\t\t<\/div>\n\t\t\t\t<\/div>\n\t\t\t\t<\/div>\n\t\t\t\t<div class=\"elementor-element elementor-element-f399c81 elementor-widget elementor-widget-spacer\" data-id=\"f399c81\" data-element_type=\"widget\" data-widget_type=\"spacer.default\">\n\t\t\t\t<div class=\"elementor-widget-container\">\n\t\t\t<style>\/*! elementor - v3.17.0 - 01-11-2023 *\/\n.elementor-column .elementor-spacer-inner{height:var(--spacer-size)}.e-con{--container-widget-width:100%}.e-con-inner>.elementor-widget-spacer,.e-con>.elementor-widget-spacer{width:var(--container-widget-width,var(--spacer-size));--align-self:var(--container-widget-align-self,initial);--flex-shrink:0}.e-con-inner>.elementor-widget-spacer>.elementor-widget-container,.e-con>.elementor-widget-spacer>.elementor-widget-container{height:100%;width:100%}.e-con-inner>.elementor-widget-spacer>.elementor-widget-container>.elementor-spacer,.e-con>.elementor-widget-spacer>.elementor-widget-container>.elementor-spacer{height:100%}.e-con-inner>.elementor-widget-spacer>.elementor-widget-container>.elementor-spacer>.elementor-spacer-inner,.e-con>.elementor-widget-spacer>.elementor-widget-container>.elementor-spacer>.elementor-spacer-inner{height:var(--container-widget-height,var(--spacer-size))}.e-con-inner>.elementor-widget-spacer.elementor-widget-empty,.e-con>.elementor-widget-spacer.elementor-widget-empty{position:relative;min-height:22px;min-width:22px}.e-con-inner>.elementor-widget-spacer.elementor-widget-empty .elementor-widget-empty-icon,.e-con>.elementor-widget-spacer.elementor-widget-empty .elementor-widget-empty-icon{position:absolute;top:0;bottom:0;left:0;right:0;margin:auto;padding:0;width:22px;height:22px}<\/style>\t\t<div class=\"elementor-spacer\">\n\t\t\t<div class=\"elementor-spacer-inner\"><\/div>\n\t\t<\/div>\n\t\t\t\t<\/div>\n\t\t\t\t<\/div>\n\t\t\t\t<div class=\"elementor-element elementor-element-4bd1d2a elementor-widget elementor-widget-heading\" data-id=\"4bd1d2a\" data-element_type=\"widget\" data-widget_type=\"heading.default\">\n\t\t\t\t<div class=\"elementor-widget-container\">\n\t\t\t<h2 class=\"elementor-heading-title elementor-size-default\">Pago de P\u00f3liza de seguro contra Accidentes Deportivos - Mapfre<\/h2>\t\t<\/div>\n\t\t\t\t<\/div>\n\t\t\t\t<div class=\"elementor-element elementor-element-db6b187 elementor-widget elementor-widget-spacer\" data-id=\"db6b187\" data-element_type=\"widget\" data-widget_type=\"spacer.default\">\n\t\t\t\t<div class=\"elementor-widget-container\">\n\t\t\t\t\t<div class=\"elementor-spacer\">\n\t\t\t<div class=\"elementor-spacer-inner\"><\/div>\n\t\t<\/div>\n\t\t\t\t<\/div>\n\t\t\t\t<\/div>\n\t\t\t\t<div class=\"elementor-element elementor-element-65ae6b5 elementor-widget elementor-widget-image\" data-id=\"65ae6b5\" data-element_type=\"widget\" data-widget_type=\"image.default\">\n\t\t\t\t<div class=\"elementor-widget-container\">\n\t\t\t\t\t\t\t\t\t\t\t\t\t\t\t<img decoding=\"async\" loading=\"lazy\" width=\"589\" height=\"162\" src=\"https:\/\/cdastonvilla.com\/wp-content\/uploads\/2026\/01\/MAPFRE.jpg\" class=\"attachment-2048x2048 size-2048x2048 wp-image-25302\" alt=\"\" srcset=\"https:\/\/cdastonvilla.com\/wp-content\/uploads\/2026\/01\/MAPFRE.jpg 589w, https:\/\/cdastonvilla.com\/wp-content\/uploads\/2026\/01\/MAPFRE-300x83.jpg 300w, https:\/\/cdastonvilla.com\/wp-content\/uploads\/2026\/01\/MAPFRE-18x5.jpg 18w\" sizes=\"(max-width: 589px) 100vw, 589px\" \/>\t\t\t\t\t\t\t\t\t\t\t\t\t\t\t<\/div>\n\t\t\t\t<\/div>\n\t\t\t\t<div class=\"elementor-element elementor-element-75c3243 elementor-align-center elementor-widget elementor-widget-button\" data-id=\"75c3243\" data-element_type=\"widget\" data-widget_type=\"button.default\">\n\t\t\t\t<div class=\"elementor-widget-container\">\n\t\t\t\t\t<div class=\"elementor-button-wrapper\">\n\t\t\t<a class=\"elementor-button elementor-button-link elementor-size-sm\" href=\"https:\/\/checkout.treli.co\/pl\/pl_162PLfu28vKgVmgFEadVolJa\">\n\t\t\t\t\t\t<span class=\"elementor-button-content-wrapper\">\n\t\t\t\t\t\t<span class=\"elementor-button-text\">Pague aqu\u00ed <\/span>\n\t\t<\/span>\n\t\t\t\t\t<\/a>\n\t\t<\/div>\n\t\t\t\t<\/div>\n\t\t\t\t<\/div>\n\t\t\t\t<\/div>\n\t\t<div class=\"elementor-element elementor-element-7f42378 e-con-full e-flex e-con e-child\" data-id=\"7f42378\" data-element_type=\"container\" data-settings=\"{&quot;content_width&quot;:&quot;full&quot;}\">\n\t\t\t\t<div class=\"elementor-element elementor-element-97e9840 elementor-widget-divider--view-line elementor-widget elementor-widget-divider\" data-id=\"97e9840\" data-element_type=\"widget\" data-widget_type=\"divider.default\">\n\t\t\t\t<div class=\"elementor-widget-container\">\n\t\t\t\t\t<div class=\"elementor-divider\">\n\t\t\t<span class=\"elementor-divider-separator\">\n\t\t\t\t\t\t<\/span>\n\t\t<\/div>\n\t\t\t\t<\/div>\n\t\t\t\t<\/div>\n\t\t\t\t<\/div>\n\t\t<div class=\"elementor-element elementor-element-d77bf71 e-con-full e-flex e-con e-child\" data-id=\"d77bf71\" data-element_type=\"container\" data-settings=\"{&quot;content_width&quot;:&quot;full&quot;}\">\n\t\t\t\t<div class=\"elementor-element elementor-element-2cc51d1 elementor-widget-divider--view-line elementor-widget elementor-widget-divider\" data-id=\"2cc51d1\" data-element_type=\"widget\" data-widget_type=\"divider.default\">\n\t\t\t\t<div class=\"elementor-widget-container\">\n\t\t\t\t\t<div class=\"elementor-divider\">\n\t\t\t<span class=\"elementor-divider-separator\">\n\t\t\t\t\t\t<\/span>\n\t\t<\/div>\n\t\t\t\t<\/div>\n\t\t\t\t<\/div>\n\t\t\t\t<\/div>\n\t\t\t\t\t<\/div>\n\t\t\t\t<\/div>\n\t\t\t\t\t\t\t<\/div>\n\t\t","protected":false},"excerpt":{"rendered":"<p>Pagos Online Uniforme de competencia Pague aqu\u00ed Uniforme de entrenamiento Pague aqu\u00ed Uniforme de presentaci\u00f3n Pague aqu\u00ed Pago de P\u00f3liza de seguro contra Accidentes Deportivos &#8211; Mapfre Pague aqu\u00ed<\/p>\n","protected":false},"author":1,"featured_media":0,"parent":0,"menu_order":1,"comment_status":"closed","ping_status":"closed","template":"","meta":{"_uag_custom_page_level_css":"","site-sidebar-layout":"no-sidebar","site-content-layout":"page-builder","ast-site-content-layout":"full-width-container","site-content-style":"default","site-sidebar-style":"default","ast-global-header-display":"","ast-banner-title-visibility":"","ast-main-header-display":"","ast-hfb-above-header-display":"","ast-hfb-below-header-display":"","ast-hfb-mobile-header-display":"","site-post-title":"disabled","ast-breadcrumbs-content":"","ast-featured-img":"disabled","footer-sml-layout":"","theme-transparent-header-meta":"","adv-header-id-meta":"","stick-header-meta":"","header-above-stick-meta":"","header-main-stick-meta":"","header-below-stick-meta":"","astra-migrate-meta-layouts":"set","footnotes":""},"uagb_featured_image_src":{"full":false,"thumbnail":false,"medium":false,"medium_large":false,"large":false,"1536x1536":false,"2048x2048":false,"trp-custom-language-flag":false},"uagb_author_info":{"display_name":"cdav","author_link":"https:\/\/cdastonvilla.com\/index.php\/author\/cdav\/"},"uagb_comment_info":0,"uagb_excerpt":"Pagos Online Uniforme de competencia Pague aqu\u00ed Uniforme de entrenamiento Pague aqu\u00ed Uniforme de presentaci\u00f3n Pague aqu\u00ed Pago de P\u00f3liza de seguro contra Accidentes Deportivos &#8211; Mapfre Pague aqu\u00ed","_links":{"self":[{"href":"https:\/\/cdastonvilla.com\/index.php\/wp-json\/wp\/v2\/pages\/25271"}],"collection":[{"href":"https:\/\/cdastonvilla.com\/index.php\/wp-json\/wp\/v2\/pages"}],"about":[{"href":"https:\/\/cdastonvilla.com\/index.php\/wp-json\/wp\/v2\/types\/page"}],"author":[{"embeddable":true,"href":"https:\/\/cdastonvilla.com\/index.php\/wp-json\/wp\/v2\/users\/1"}],"replies":[{"embeddable":true,"href":"https:\/\/cdastonvilla.com\/index.php\/wp-json\/wp\/v2\/comments?post=25271"}],"version-history":[{"count":28,"href":"https:\/\/cdastonvilla.com\/index.php\/wp-json\/wp\/v2\/pages\/25271\/revisions"}],"predecessor-version":[{"id":25339,"href":"https:\/\/cdastonvilla.com\/index.php\/wp-json\/wp\/v2\/pages\/25271\/revisions\/25339"}],"wp:attachment":[{"href":"https:\/\/cdastonvilla.com\/index.php\/wp-json\/wp\/v2\/media?parent=25271"}],"curies":[{"name":"wp","href":"https:\/\/api.w.org\/{rel}","templated":true}]}}